{"id":2102,"date":"2023-11-18T15:50:58","date_gmt":"2023-11-18T14:50:58","guid":{"rendered":"https:\/\/lindathomas.org\/?page_id=2102"},"modified":"2023-11-18T15:59:08","modified_gmt":"2023-11-18T14:59:08","slug":"libri-2","status":"publish","type":"page","link":"https:\/\/lindathomas.org\/it\/libri-2\/","title":{"rendered":"Libri"},"content":{"rendered":"<p style=\"\">\u200blinda thomas<\/p>\n<h1 style=\"\">\u200bLibri<\/h1>\n<p><span><img decoding=\"async\" alt=\"\" data-id=\"219\" width=\"119\" data-init-width=\"119\" height=\"229\" data-init-height=\"229\" title=\"Bookwise_feather01\" src=\"\/\/lindathomas.org\/wp-content\/uploads\/tcb_content_templates\/images\/Bookwise_feather01.png\" data-width=\"119\" data-height=\"229\" style=\"aspect-ratio: auto 119 \/ 229;\" loading=\"lazy\"><\/span><\/p>\n<h2 style=\"\"><strong><span>P<\/span><\/strong><strong>ulire!?<\/strong> &#8211; Italienisch<\/h2>\n<h3 data-fontsize=\"28\" data-lineheight=\"35px\" style=\"\">Come passare da una gravosa necessit\u00e0 a una dichiarazione d\u2019amore verso il presente<\/h3>\n<p style=\"\">Sono pochi coloro che (ancora) amano pulire. Cosa succede per\u00f2 se si scopre checon qualche piccolo accorgimento e uno sguardo diverso dal consueto punto di vista, questa attivit\u00e0 esercita un benefico influsso sulla qualit\u00e0 abitativa, sul come \u00abci si sente\u00bb e quindi sull\u2019autosviluppo di chi abita la casa? Linda Thomas, donna delle pulizie professionista e fondatrice di una delle prime imprese di pulizia ecologica, in decenni di esperienza professionale si \u00e8 occupata del pulire e dei suoi diversi effetti; quello che ha sperimentato, indica una via che va ben oltre la cura solo esteriore degli spazi.<\/p>\n<p style=\"\"><strong>Copertina flessibile:<\/strong>&nbsp;330 pagine<strong>Editore:<\/strong>&nbsp;Aedel (1 settembre 2013)<a href=\"https:\/\/www.amazon.it\/passare-fastidiosa-necessit%C3%A0-dichiarazione-presente\/dp\/8887793425\" style=\"outline: none;\"><strong>Collana:<\/strong>&nbsp;Pedagogia<\/a><strong>Lingua:<\/strong>&nbsp;Italiano<strong>ISBN-10:<\/strong>&nbsp;8887793425<strong>ISBN-13:<\/strong>&nbsp;978-8887793420<strong>Peso di spedizione:<\/strong>&nbsp;458 g<strong>Preis:<\/strong> 21,00 EUR<\/p>\n<h2 style=\"\"><strong><span>Putzen Lieben?!<\/span><\/strong><\/h2>\n<p style=\"\">Das Putzen \u2013 noch scheint es wenig geliebt! Wird es jedoch in neuer, bewusster Qualit\u00e4t ergriffen, welchen Einfluss nimmt es dann auf die Wohnqualit\u00e4t, die Befindlichkeit des einzelnen Menschen, ja der ganzen Familie oder auch den Arbeitsplatz? Welchen Stellenwert w\u00fcrde es fortan im Leben einnehmen?<\/p>\n<p style=\"\">Author &nbsp; &nbsp; &nbsp;: &nbsp;Linda ThomasISBN&nbsp; &nbsp; &nbsp; &nbsp; &nbsp;:&nbsp; 978-3-7235-1550-1Pages&nbsp; &nbsp; &nbsp; &nbsp; :&nbsp; 414Publisher :&nbsp; &nbsp;<a href=\"https:\/\/www.goetheanum-verlag.ch\/nc\/einzelansicht\/artikel\/putzen-lieben\/shop\/5987\/\" target=\"_blank\" rel=\"noopener\">Verlag am Goetheanum<\/a>Country&nbsp; &nbsp; : SwitzerlandThe publication Year 2015Preis: 30,00 EUR 35,00 CHF<\/p>\n<h2 style=\"\"><strong><span>Fr\u00fchjahrsputz<\/span><\/strong><\/h2>\n<h3 data-fontsize=\"28\" data-lineheight=\"35px\" style=\"\">Putzen als kulturelle Tradition und andere sch\u00f6ne Dinge<\/h3>\n<p style=\"\">Fr\u00fchling und Gro\u00dfreinemachen! Das gilt nach einem langen, kalten Winter auch f\u00fcr uns selbst. Auf einmal sehen wir alles, was in der dunklen Jahreszeit nicht so sichtbar war: die Staubschichten, die Spinnweben\u2026 Die Fenster werden weit ge\u00f6ffnet, Staubwedel und Putzlappen hervorgeholt, M\u00f6bel werden weggezogen, Teppiche herausgetragen und geklopft, Bettzeug wird gewaschen, die Matratzen gel\u00fcftet.<\/p>\n<p style=\"\">Author&nbsp; &nbsp; &nbsp; :&nbsp; Linda ThomasISBN&nbsp; &nbsp; &nbsp; &nbsp; &nbsp;:&nbsp; 978-3-7235-1520-4Pages&nbsp; &nbsp; &nbsp; &nbsp; :&nbsp; 414Publisher :&nbsp;&nbsp;<a href=\"https:\/\/goetheanum-verlag.ch\/produkt\/fruehjahrsputz\/\" target=\"_blank\" style=\"outline: none;\" rel=\"noopener\">Verlag am Goetheanum<\/a>Country&nbsp; &nbsp; : SwitzerlandThe publication Year 2014Preis&nbsp; &nbsp; &nbsp; &nbsp; &nbsp; : 14,00 EUR&nbsp;19,00 CHF<a href=\"https:\/\/www.amazon.de\/product-reviews\/3723515207\/ref=cm_cr_arp_d_viewopt_srt?ie=UTF8&amp;filterByStar=five_star&amp;reviewerType=all_reviews&amp;sortBy=recent&amp;pageNumber=1#reviews-filter-bar\" target=\"_blank\" rel=\"noopener\"><\/a><\/p>\n<h2 style=\"\"><strong>Why Cleaning Has Meaning&nbsp;<\/strong>&#8211; Englisch<\/h2>\n<p style=\"\">Few of us enjoy cleaning\u2015more often than not, it feels like a thankless, repetitive task that we must force ourselves to do.<\/p>\n<p style=\"\">Linda Thomas is an expert, professional cleaner who operated her own ecological cleaning company for more than twenty years. In this unique book, she explores her passion for cleaning, and argues that cleaning can have a profound effect\u2015not just on the spaces we care for, but also on our own wellbeing and personal development.<\/p>\n<p style=\"\">Author&nbsp; &nbsp; &nbsp; :&nbsp; Linda ThomasISBN&nbsp; &nbsp; &nbsp; &nbsp; &nbsp;:&nbsp; 978-3-7235-1550-1Pages&nbsp; &nbsp; &nbsp; &nbsp; :&nbsp; 414Publisher :&nbsp;<a href=\"https:\/\/www.amazon.com\/Why-Cleaning-Has-Meaning-Wellbeing\/dp\/1782500502\" target=\"_blank\" style=\"outline: none;\" rel=\"noopener\">Floris Books<\/a>Country&nbsp; &nbsp; : LondonThe publication Year 2014Preis: 19,76 EUR<\/p>\n<h2><strong><span itemprop=\"name\">Szeretni a takar\u00edt\u00e1st?!&nbsp;<\/span><\/strong><span itemprop=\"name\">&#8211; <\/span><span itemprop=\"name\">Ungarisch<\/span><span itemprop=\"name\"><\/span><\/h2>\n<p style=\"\">T\u00f6bbs\u00e9g\u00fcnk nem igaz\u00e1n szeret takar\u00edtani vagy rendet tenni&#8230; De mi lenne, ha ezek a sz\u00fcks\u00e9gszer\u0171 tev\u00e9kenys\u00e9geink \u00faj min\u0151s\u00e9get kapn\u00e1nak, ami azt\u00e1n \u00e1ld\u00e1sos hat\u00e1ssal lenne r\u00e1nk, a csal\u00e1dunkra, az otthonunkra, s\u0151t ak\u00e1r m\u00e9g a munkahelyi k\u00f6rnyezet\u00fcnkre is? Hogyan lehet szellemis\u00e9ggel \u00e9s szeretettel \u00e1thatni a legh\u00e9tk\u00f6znapibb tev\u00e9kenys\u00e9geinket?<\/p>\n<p style=\"\">Linda Thomas takar\u00edt\u00e1si szakember, egy \u00f6kol\u00f3giai takar\u00edt\u00f3c\u00e9g alap\u00edt\u00f3ja, sokr\u00e9t\u0171, t\u00f6bb \u00e9vtizedes tapasztalatait \u00e9s egyszer\u0171en k\u00f6vethet\u0151 tan\u00e1csait osztja meg vel\u00fcnk e k\u00f6nyvben. Olvas\u00e1sa sor\u00e1n szinte \u00e9szrev\u00e9tlen\u00fcl tanuljuk meg, hogyan forduljunk \u00e9rdekl\u0151d\u00e9ssel \u00e9s szeretettel a k\u00f6zvetlen k\u00f6rnyezet\u00fcnkh\u00f6z \u00e9s a helyekhez, amelyekkel kapcsolatba ker\u00fcl\u00fcnk, hogyan teremts\u00fcnk otthont egy h\u00e1zb\u00f3l vagy lak\u00e1sb\u00f3l, \u00e9s hogyan v\u00e9gezz\u00fck szeretettel a feladatainkat. A gyakorlati b\u00f6lcsess\u00e9g igazi t\u00e1rh\u00e1za ez a k\u00f6nyv, amely legink\u00e1bb az \u00edr\u00f3n\u0151 szem\u00e9lyes \u00e9lm\u00e9nyein kereszt\u00fcl \u00e9rkezik hozz\u00e1nk. Nem sz\u00e1raz met\u00f3dust ad \u00e1t teh\u00e1t, hanem val\u00f3di, \u00e9l\u0151 tud\u00e1st, ami mindenki sz\u00e1m\u00e1ra seg\u00edt hat\u00e9konyabb\u00e1, rendszeret\u0151bb\u00e9, tetter\u0151sebb\u00e9 \u00e9s &#8211; nem utols\u00f3sorban &#8211; lelkesebb\u00e9 \u00e9s \u00f6r\u00f6mtelibb\u00e9 v\u00e1lni.&nbsp;<\/p>\n<p><span style=\"font-family: &quot;Bona Nova&quot;; --tcb-applied-color: var$(--tcb-skin-color-5)    !important; color: var(--tcb-skin-color-5)   !important; font-size: 18px !important;\">Kiad\u00f3 &nbsp; &nbsp; &nbsp; &nbsp; &nbsp; &nbsp; &nbsp; : <a href=\"https:\/\/www.libri.hu\/talalati_lista\/?reszletes=1&amp;kiado=165168&amp;s_det=1\" style=\"outline: none;\">CASPARUS KIAD\u00d3 KFT.<\/a><\/span><span style=\"font-size: 18px !important;\"><span style=\"color: var(--tcb-skin-color-5) !important;\"><span style=\"--tcb-applied-color: var$(--tcb-skin-color-5) !important;\"><span style=\"font-family: 'Bona Nova';\">Oldalak sz\u00e1ma : 461<\/span><\/span><\/span><\/span><span style=\"font-size: 18px !important;\"><span style=\"color: var(--tcb-skin-color-5) !important;\"><span style=\"--tcb-applied-color: var$(--tcb-skin-color-5) !important;\"><span style=\"font-family: 'Bona Nova';\">Bor\u00edt\u00f3 &nbsp; &nbsp; &nbsp; &nbsp; &nbsp; &nbsp; &nbsp; : F\u00dcLES, KARTON\u00c1LT<\/span><\/span><\/span><\/span><span style=\"font-size: 18px !important;\"><span style=\"color: var(--tcb-skin-color-5) !important;\"><span style=\"--tcb-applied-color: var$(--tcb-skin-color-5) !important;\"><span style=\"font-family: 'Bona Nova';\">S\u00faly &nbsp; &nbsp; &nbsp; &nbsp; &nbsp; &nbsp; &nbsp; &nbsp; &nbsp;: 392 gr<\/span><\/span><\/span><\/span><span style=\"font-size: 18px !important;\"><span style=\"color: var(--tcb-skin-color-5) !important;\"><span style=\"--tcb-applied-color: var$(--tcb-skin-color-5) !important;\"><span style=\"font-family: 'Bona Nova';\">ISBN &nbsp; &nbsp; &nbsp; &nbsp; &nbsp; &nbsp; &nbsp; &nbsp;: 9786155835056<\/span><\/span><\/span><\/span><span style=\"font-size: 18px !important;\"><span style=\"color: var(--tcb-skin-color-5) !important;\"><span style=\"--tcb-applied-color: var$(--tcb-skin-color-5) !important;\"><span style=\"font-family: 'Bona Nova';\">Nyelv &nbsp; &nbsp; &nbsp; &nbsp; &nbsp; &nbsp; &nbsp; &nbsp;: MAGYAR<\/span><\/span><\/span><\/span><span style=\"font-size: 18px !important;\"><span style=\"color: var(--tcb-skin-color-5) !important;\"><span style=\"--tcb-applied-color: var$(--tcb-skin-color-5) !important;\"><span style=\"font-family: 'Bona Nova';\">Kiad\u00e1s \u00e9ve &nbsp; &nbsp; &nbsp; &nbsp;: 2021<\/span><\/span><\/span><\/span><span style=\"font-size: 18px !important;\"><span style=\"color: var(--tcb-skin-color-5) !important;\"><span style=\"--tcb-applied-color: var$(--tcb-skin-color-5) !important;\"><span style=\"font-family: 'Bona Nova';\">\u00c1ruk\u00f3d &nbsp; &nbsp; &nbsp; &nbsp; &nbsp; &nbsp; : 2755679 \/ 1205420<\/span><\/span><\/span><\/span><span style=\"font-family: &quot;Bona Nova&quot;; --tcb-applied-color: var$(--tcb-skin-color-5)    !important; color: var(--tcb-skin-color-5)   !important; font-size: 18px !important;\">Ford\u00edt\u00f3 &nbsp; &nbsp; &nbsp; &nbsp; &nbsp; &nbsp; : Homonyik Marcell<\/span><span style=\"font-family: &quot;Bona Nova&quot;; --tcb-applied-color: var$(--tcb-skin-color-5)    !important; color: var(--tcb-skin-color-5)   !important; font-size: 18px !important;\"><\/span><\/p>\n<h2 style=\"\"><strong><span><\/span><\/strong><strong>Why Cleaning Has Meaning<\/strong> &#8211; Modern Chinese<\/h2>\n<p style=\"\">Few of us enjoy cleaning\u2015more often than not, it feels like a thankless, repetitive task that we must force ourselves to do.<\/p>\n<p style=\"\">Linda Thomas is an expert, professional cleaner who operated her own ecological cleaning company for more than twenty years. In this unique book, she explores her passion for cleaning, and argues that cleaning can have a profound effect\u2015not just on the spaces we care for, but also on our own wellbeing and personal development.<\/p>\n<h2 style=\"\"><strong>Why Cleaning Has Meaning<\/strong> &#8211;<\/h2>\n<h2 style=\"\">Mandarin<\/h2>\n<p style=\"\">Few of us enjoy cleaning\u2015more often than not, it feels like a thankless, repetitive task that we must force ourselves to do.<\/p>\n<p style=\"\">Linda Thomas is an expert, professional cleaner who operated her own ecological cleaning company for more than twenty years. In this unique book, she explores her passion for cleaning, and argues that cleaning can have a profound effect\u2015not just on the spaces we care for, but also on our own wellbeing and personal development.<\/p>\n<h2 style=\"text-align: center;\"><strong>Interviews<\/strong><em>con Linda Thomas<\/em><\/h2>\n<p><a href=\"https:\/\/open.spotify.com\/episode\/3ngxNwWXKOsL97KAWaQdID?si=CghJJiRWRfOogqqsku7iKA\" target=\"_blank\" rel=\"noopener\"><\/a><\/p>\n<h5>The Latest Podcast Episode &#8211; Linda Thomas ON: Why Cleaning has Meaning &amp; How Caring For Spaces Benefits Our Personal Development&nbsp;<\/h5>\n<p style=\"\">03.03.2022 \/ 34:30 min<\/p>\n<p><a href=\"https:\/\/youtu.be\/AXVTcf7tPt8\" target=\"_blank\" rel=\"noopener\"><\/a><\/p>\n<h5>Kongsi Academy \u751f\u547d\u6559\u80b2   &#8211; Why Cleaning Has Meaning by Linda Thomas July 27, 2023&nbsp;<\/h5>\n<p style=\"\">27.07.2023 \/ 01:48h<\/p>\n<p><a href=\"https:\/\/lindathomas.org\/2023\/06\/28\/presse-wdr-radiobeitrag\/\" target=\"_blank\" rel=\"noopener\"><\/a><\/p>\n<h5>WDR Radiointerview: Putzen lieben lernen \u2013 Linda Thomas<\/h5>\n<h5>WDR 5 Neugier gen\u00fcgt &#8211; Redezeit.<\/h5>\n<p style=\"\">27.06.2023 \/ 21:50 MIN<\/p>\n","protected":false},"excerpt":{"rendered":"<p>\u200blinda thomas \u200bLibri Pulire!? &#8211; Italienisch Come passare da una gravosa necessit\u00e0 a una dichiarazione d\u2019amore verso il presente Sono pochi coloro che (ancora) amano pulire. Cosa succede per\u00f2 se si scopre checon qualche piccolo accorgimento e uno sguardo diverso dal consueto punto di vista, questa attivit\u00e0 esercita un benefico influsso sulla qualit\u00e0 abitativa, sul [&hellip;]<\/p>\n","protected":false},"author":1,"featured_media":0,"parent":0,"menu_order":0,"comment_status":"closed","ping_status":"closed","template":"","meta":{"footnotes":""},"class_list":["post-2102","page","type-page","status-publish","hentry","post-wrapper","thrv_wrapper"],"yoast_head":"<!-- This site is optimized with the Yoast SEO plugin v27.4 - https:\/\/yoast.com\/product\/yoast-seo-wordpress\/ -->\n<title>Libri - LindaThomas<\/title>\n<meta name=\"robots\" content=\"index, follow, max-snippet:-1, max-image-preview:large, max-video-preview:-1\" \/>\n<link rel=\"canonical\" href=\"https:\/\/lindathomas.org\/it\/libri-2\/\" \/>\n<meta property=\"og:locale\" content=\"it_IT\" \/>\n<meta property=\"og:type\" content=\"article\" \/>\n<meta property=\"og:title\" content=\"Libri - LindaThomas\" \/>\n<meta property=\"og:description\" content=\"\u200blinda thomas \u200bLibri Pulire!? &#8211; Italienisch Come passare da una gravosa necessit\u00e0 a una dichiarazione d\u2019amore verso il presente Sono pochi coloro che (ancora) amano pulire. Cosa succede per\u00f2 se si scopre checon qualche piccolo accorgimento e uno sguardo diverso dal consueto punto di vista, questa attivit\u00e0 esercita un benefico influsso sulla qualit\u00e0 abitativa, sul [&hellip;]\" \/>\n<meta property=\"og:url\" content=\"https:\/\/lindathomas.org\/it\/libri-2\/\" \/>\n<meta property=\"og:site_name\" content=\"LindaThomas\" \/>\n<meta property=\"article:publisher\" content=\"https:\/\/www.facebook.com\/lthomasmoolman\" \/>\n<meta property=\"article:modified_time\" content=\"2023-11-18T14:59:08+00:00\" \/>\n<meta name=\"twitter:card\" content=\"summary_large_image\" \/>\n<meta name=\"twitter:label1\" content=\"Tempo di lettura stimato\" \/>\n\t<meta name=\"twitter:data1\" content=\"5 minuti\" \/>\n<script type=\"application\/ld+json\" class=\"yoast-schema-graph\">{\"@context\":\"https:\\\/\\\/schema.org\",\"@graph\":[{\"@type\":\"WebPage\",\"@id\":\"https:\\\/\\\/lindathomas.org\\\/it\\\/libri-2\\\/\",\"url\":\"https:\\\/\\\/lindathomas.org\\\/it\\\/libri-2\\\/\",\"name\":\"Libri - LindaThomas\",\"isPartOf\":{\"@id\":\"https:\\\/\\\/lindathomas.org\\\/it\\\/#website\"},\"datePublished\":\"2023-11-18T14:50:58+00:00\",\"dateModified\":\"2023-11-18T14:59:08+00:00\",\"breadcrumb\":{\"@id\":\"https:\\\/\\\/lindathomas.org\\\/it\\\/libri-2\\\/#breadcrumb\"},\"inLanguage\":\"it-IT\",\"potentialAction\":[{\"@type\":\"ReadAction\",\"target\":[\"https:\\\/\\\/lindathomas.org\\\/it\\\/libri-2\\\/\"]}]},{\"@type\":\"BreadcrumbList\",\"@id\":\"https:\\\/\\\/lindathomas.org\\\/it\\\/libri-2\\\/#breadcrumb\",\"itemListElement\":[{\"@type\":\"ListItem\",\"position\":1,\"name\":\"Startseite\",\"item\":\"https:\\\/\\\/lindathomas.org\\\/it\\\/\"},{\"@type\":\"ListItem\",\"position\":2,\"name\":\"Libri\"}]},{\"@type\":\"WebSite\",\"@id\":\"https:\\\/\\\/lindathomas.org\\\/it\\\/#website\",\"url\":\"https:\\\/\\\/lindathomas.org\\\/it\\\/\",\"name\":\"LindaThomas\",\"description\":\"\",\"publisher\":{\"@id\":\"https:\\\/\\\/lindathomas.org\\\/it\\\/#organization\"},\"potentialAction\":[{\"@type\":\"SearchAction\",\"target\":{\"@type\":\"EntryPoint\",\"urlTemplate\":\"https:\\\/\\\/lindathomas.org\\\/it\\\/?s={search_term_string}\"},\"query-input\":{\"@type\":\"PropertyValueSpecification\",\"valueRequired\":true,\"valueName\":\"search_term_string\"}}],\"inLanguage\":\"it-IT\"},{\"@type\":\"Organization\",\"@id\":\"https:\\\/\\\/lindathomas.org\\\/it\\\/#organization\",\"name\":\"LindaThomas\",\"url\":\"https:\\\/\\\/lindathomas.org\\\/it\\\/\",\"logo\":{\"@type\":\"ImageObject\",\"inLanguage\":\"it-IT\",\"@id\":\"https:\\\/\\\/lindathomas.org\\\/it\\\/#\\\/schema\\\/logo\\\/image\\\/\",\"url\":\"https:\\\/\\\/lindathomas.org\\\/wp-content\\\/uploads\\\/2023\\\/05\\\/Linda-Thomas_LOGO_compact-10.png\",\"contentUrl\":\"https:\\\/\\\/lindathomas.org\\\/wp-content\\\/uploads\\\/2023\\\/05\\\/Linda-Thomas_LOGO_compact-10.png\",\"width\":1764,\"height\":908,\"caption\":\"LindaThomas\"},\"image\":{\"@id\":\"https:\\\/\\\/lindathomas.org\\\/it\\\/#\\\/schema\\\/logo\\\/image\\\/\"},\"sameAs\":[\"https:\\\/\\\/www.facebook.com\\\/lthomasmoolman\",\"https:\\\/\\\/www.linkedin.com\\\/in\\\/linda-thomas-841a6245?originalSubdomain=ch\",\"https:\\\/\\\/www.instagram.com\\\/lindathomasconcepts\\\/\"]}]}<\/script>\n<!-- \/ Yoast SEO plugin. -->","yoast_head_json":{"title":"Libri - LindaThomas","robots":{"index":"index","follow":"follow","max-snippet":"max-snippet:-1","max-image-preview":"max-image-preview:large","max-video-preview":"max-video-preview:-1"},"canonical":"https:\/\/lindathomas.org\/it\/libri-2\/","og_locale":"it_IT","og_type":"article","og_title":"Libri - LindaThomas","og_description":"\u200blinda thomas \u200bLibri Pulire!? &#8211; Italienisch Come passare da una gravosa necessit\u00e0 a una dichiarazione d\u2019amore verso il presente Sono pochi coloro che (ancora) amano pulire. Cosa succede per\u00f2 se si scopre checon qualche piccolo accorgimento e uno sguardo diverso dal consueto punto di vista, questa attivit\u00e0 esercita un benefico influsso sulla qualit\u00e0 abitativa, sul [&hellip;]","og_url":"https:\/\/lindathomas.org\/it\/libri-2\/","og_site_name":"LindaThomas","article_publisher":"https:\/\/www.facebook.com\/lthomasmoolman","article_modified_time":"2023-11-18T14:59:08+00:00","twitter_card":"summary_large_image","twitter_misc":{"Tempo di lettura stimato":"5 minuti"},"schema":{"@context":"https:\/\/schema.org","@graph":[{"@type":"WebPage","@id":"https:\/\/lindathomas.org\/it\/libri-2\/","url":"https:\/\/lindathomas.org\/it\/libri-2\/","name":"Libri - LindaThomas","isPartOf":{"@id":"https:\/\/lindathomas.org\/it\/#website"},"datePublished":"2023-11-18T14:50:58+00:00","dateModified":"2023-11-18T14:59:08+00:00","breadcrumb":{"@id":"https:\/\/lindathomas.org\/it\/libri-2\/#breadcrumb"},"inLanguage":"it-IT","potentialAction":[{"@type":"ReadAction","target":["https:\/\/lindathomas.org\/it\/libri-2\/"]}]},{"@type":"BreadcrumbList","@id":"https:\/\/lindathomas.org\/it\/libri-2\/#breadcrumb","itemListElement":[{"@type":"ListItem","position":1,"name":"Startseite","item":"https:\/\/lindathomas.org\/it\/"},{"@type":"ListItem","position":2,"name":"Libri"}]},{"@type":"WebSite","@id":"https:\/\/lindathomas.org\/it\/#website","url":"https:\/\/lindathomas.org\/it\/","name":"LindaThomas","description":"","publisher":{"@id":"https:\/\/lindathomas.org\/it\/#organization"},"potentialAction":[{"@type":"SearchAction","target":{"@type":"EntryPoint","urlTemplate":"https:\/\/lindathomas.org\/it\/?s={search_term_string}"},"query-input":{"@type":"PropertyValueSpecification","valueRequired":true,"valueName":"search_term_string"}}],"inLanguage":"it-IT"},{"@type":"Organization","@id":"https:\/\/lindathomas.org\/it\/#organization","name":"LindaThomas","url":"https:\/\/lindathomas.org\/it\/","logo":{"@type":"ImageObject","inLanguage":"it-IT","@id":"https:\/\/lindathomas.org\/it\/#\/schema\/logo\/image\/","url":"https:\/\/lindathomas.org\/wp-content\/uploads\/2023\/05\/Linda-Thomas_LOGO_compact-10.png","contentUrl":"https:\/\/lindathomas.org\/wp-content\/uploads\/2023\/05\/Linda-Thomas_LOGO_compact-10.png","width":1764,"height":908,"caption":"LindaThomas"},"image":{"@id":"https:\/\/lindathomas.org\/it\/#\/schema\/logo\/image\/"},"sameAs":["https:\/\/www.facebook.com\/lthomasmoolman","https:\/\/www.linkedin.com\/in\/linda-thomas-841a6245?originalSubdomain=ch","https:\/\/www.instagram.com\/lindathomasconcepts\/"]}]}},"_links":{"self":[{"href":"https:\/\/lindathomas.org\/it\/wp-json\/wp\/v2\/pages\/2102","targetHints":{"allow":["GET"]}}],"collection":[{"href":"https:\/\/lindathomas.org\/it\/wp-json\/wp\/v2\/pages"}],"about":[{"href":"https:\/\/lindathomas.org\/it\/wp-json\/wp\/v2\/types\/page"}],"author":[{"embeddable":true,"href":"https:\/\/lindathomas.org\/it\/wp-json\/wp\/v2\/users\/1"}],"replies":[{"embeddable":true,"href":"https:\/\/lindathomas.org\/it\/wp-json\/wp\/v2\/comments?post=2102"}],"version-history":[{"count":5,"href":"https:\/\/lindathomas.org\/it\/wp-json\/wp\/v2\/pages\/2102\/revisions"}],"predecessor-version":[{"id":2115,"href":"https:\/\/lindathomas.org\/it\/wp-json\/wp\/v2\/pages\/2102\/revisions\/2115"}],"wp:attachment":[{"href":"https:\/\/lindathomas.org\/it\/wp-json\/wp\/v2\/media?parent=2102"}],"curies":[{"name":"wp","href":"https:\/\/api.w.org\/{rel}","templated":true}]}}